{"id":1581,"date":"2019-01-10T01:25:15","date_gmt":"2019-01-10T01:25:15","guid":{"rendered":"http:\/\/localhost\/wordpress\/munfarid\/?page_id=1581"},"modified":"2023-08-31T10:59:34","modified_gmt":"2023-08-31T07:59:34","slug":"blog-three-col","status":"publish","type":"page","link":"https:\/\/koshertr.com.tr\/blog\/","title":{"rendered":"Kosher Belgesi Blog"},"content":{"rendered":"<div class=\"energetic-core-parts-posts container  alignwide\" style=\"margin-bottom:80px;\"><div class=\"row blog-post is-grid stander-post-style\"><div class=\"col-lg-4\"><article id=\"post-1953\" class=\"clearfix post-1953 post type-post status-publish format-standard has-post-thumbnail hentry category-genel tag-koser-belgesi tag-kosher-belgesi tag-kosher-belgesi-nasil-alinir tag-kosher-belgesi-nedir\"><div class=\"entry-media\"><a href=\"https:\/\/koshertr.com.tr\/blog\/kosher-belgesi-nedir\/\" rel=\"bookmark\"><img loading=\"lazy\" decoding=\"async\" width=\"1000\" height=\"666\" src=\"https:\/\/koshertr.com.tr\/blog\/wp-content\/uploads\/2023\/10\/kosher-belgesi-nedir.jpg\" class=\"attachment- size- wp-post-image\" alt=\"kosher-belgesi-nedir\" srcset=\"https:\/\/koshertr.com.tr\/blog\/wp-content\/uploads\/2023\/10\/kosher-belgesi-nedir.jpg 1000w, https:\/\/koshertr.com.tr\/blog\/wp-content\/uploads\/2023\/10\/kosher-belgesi-nedir-300x200.jpg 300w, https:\/\/koshertr.com.tr\/blog\/wp-content\/uploads\/2023\/10\/kosher-belgesi-nedir-768x511.jpg 768w, https:\/\/koshertr.com.tr\/blog\/wp-content\/uploads\/2023\/10\/kosher-belgesi-nedir-600x400.jpg 600w\" sizes=\"auto, (max-width: 1000px) 100vw, 1000px\" \/><\/a><\/div><div class=\"entry-content-wrapper\"><div class=\"entry-meta-top\"><span class=\"entry-meta-data\">18 Ekim 2023<\/span><span class=\"entry-meta-category\"><a href=\"https:\/\/koshertr.com.tr\/blog\/kategori\/genel\/\" rel=\"category tag\">Genel<\/a><\/span><\/div><h4 class=\"entry-title\"><a href=\"https:\/\/koshertr.com.tr\/blog\/kosher-belgesi-nedir\/\">Kosher Belgesi Nedir?<\/a><\/h4><div class=\"entry-excerpt\"><p>Kosher belgesi, g\u0131da ve i\u00e7ecek \u00fcr\u00fcnlerinin, Yahudi dini yasalar\u0131na ve geleneklerine uygun oldu\u011funu&hellip;<\/p>\n<\/div><\/div><\/article><\/div><div class=\"col-lg-4\"><article id=\"post-1948\" class=\"clearfix post-1948 post type-post status-publish format-quote has-post-thumbnail hentry category-genel tag-koser-belgesi-nedir tag-koser-nedir tag-kosher-belgesi-almak tag-kosher-belgesi-nasil-alinir post_format-post-format-quote\"><div class=\"entry-media\"><a href=\"https:\/\/koshertr.com.tr\/blog\/kosher-belgesi-nedir-nasil-alinir-kosher-belgesi-veren-firmalar\/\" rel=\"bookmark\"><img loading=\"lazy\" decoding=\"async\" width=\"995\" height=\"852\" src=\"https:\/\/koshertr.com.tr\/blog\/wp-content\/uploads\/2023\/08\/kosher-belgesi-e1693468842478.jpg\" class=\"attachment- size- wp-post-image\" alt=\"Kosher Belgesi Nedir? Nas\u0131l Al\u0131n\u0131r? Kosher Belgesi Veren Firmalar\" srcset=\"https:\/\/koshertr.com.tr\/blog\/wp-content\/uploads\/2023\/08\/kosher-belgesi-e1693468842478.jpg 995w, https:\/\/koshertr.com.tr\/blog\/wp-content\/uploads\/2023\/08\/kosher-belgesi-e1693468842478-300x257.jpg 300w, https:\/\/koshertr.com.tr\/blog\/wp-content\/uploads\/2023\/08\/kosher-belgesi-e1693468842478-768x658.jpg 768w\" sizes=\"auto, (max-width: 995px) 100vw, 995px\" \/><\/a><\/div><h4 class=\"entry-title\"><a href=\"https:\/\/koshertr.com.tr\/blog\/kosher-belgesi-nedir-nasil-alinir-kosher-belgesi-veren-firmalar\/\">Kosher Belgesi Nedir? Nas\u0131l Al\u0131n\u0131r? Kosher Belgesi Veren Firmalar<\/a><\/h4><div class=\"entry-content-wrapper\"><div class=\"entry-meta-top\"><span class=\"entry-meta-data\">31 A\u011fustos 2023<\/span><span class=\"entry-meta-category\"><a href=\"https:\/\/koshertr.com.tr\/blog\/kategori\/genel\/\" rel=\"category tag\">Genel<\/a><\/span><\/div><\/div><\/article><\/div><\/div><\/div>","protected":false},"excerpt":{"rendered":"","protected":false},"author":1,"featured_media":0,"parent":0,"menu_order":0,"comment_status":"closed","ping_status":"closed","template":"","meta":{"footnotes":""},"class_list":["post-1581","page","type-page","status-publish","hentry"],"_links":{"self":[{"href":"https:\/\/koshertr.com.tr\/blog\/wp-json\/wp\/v2\/pages\/1581","targetHints":{"allow":["GET"]}}],"collection":[{"href":"https:\/\/koshertr.com.tr\/blog\/wp-json\/wp\/v2\/pages"}],"about":[{"href":"https:\/\/koshertr.com.tr\/blog\/wp-json\/wp\/v2\/types\/page"}],"author":[{"embeddable":true,"href":"https:\/\/koshertr.com.tr\/blog\/wp-json\/wp\/v2\/users\/1"}],"replies":[{"embeddable":true,"href":"https:\/\/koshertr.com.tr\/blog\/wp-json\/wp\/v2\/comments?post=1581"}],"version-history":[{"count":1,"href":"https:\/\/koshertr.com.tr\/blog\/wp-json\/wp\/v2\/pages\/1581\/revisions"}],"predecessor-version":[{"id":1951,"href":"https:\/\/koshertr.com.tr\/blog\/wp-json\/wp\/v2\/pages\/1581\/revisions\/1951"}],"wp:attachment":[{"href":"https:\/\/koshertr.com.tr\/blog\/wp-json\/wp\/v2\/media?parent=1581"}],"curies":[{"name":"wp","href":"https:\/\/api.w.org\/{rel}","templated":true}]}}